{"id":94879,"date":"2025-12-02T12:08:01","date_gmt":"2025-12-02T11:08:01","guid":{"rendered":"https:\/\/coertini.com\/?page_id=94879"},"modified":"2025-12-18T16:21:58","modified_gmt":"2025-12-18T15:21:58","slug":"tovagliato-cm-180x180","status":"publish","type":"page","link":"https:\/\/coertini.com\/it\/tovagliato-cm-180x180\/","title":{"rendered":"Tovagliato cm 180&#215;180"},"content":{"rendered":"\n<p>Le <strong>tovaglie <strong><strong>180\u00d7180 cm<\/strong><\/strong> COERTINI\u00ae<\/strong> garantiscono <strong>eleganza <\/strong>e <strong>durata <\/strong>per <strong>ristoranti, hotel e sale da pranzo<\/strong>. <strong>Realizzate per resistere a lavaggi frequenti e a un uso intensivo<\/strong>, mantengono colore, stabilit\u00e0 e qualit\u00e0 nel tempo. <br><strong>Scegli le tovaglie <strong><strong>180\u00d7180 cm<\/strong><\/strong> <\/strong>che rispondono alle esigenze della tua sala.<\/p>\n","protected":false},"excerpt":{"rendered":"<p>Le tovaglie 180\u00d7180 cm COERTINI\u00ae garantiscono eleganza e durata per [&hellip;]<\/p>\n","protected":false},"author":2,"featured_media":0,"parent":0,"menu_order":0,"comment_status":"closed","ping_status":"closed","template":"page-templates\/page-template-attributo-prodotto.php","meta":{"_acf_changed":false,"footnotes":""},"class_list":["post-94879","page","type-page","status-publish","hentry"],"acf":[],"yoast_head":"<!-- This site is optimized with the Yoast SEO plugin v27.5 - https:\/\/yoast.com\/product\/yoast-seo-wordpress\/ -->\n<title>Tovaglie 180 x 180 cm - COERTINI\u00ae<\/title>\n<meta name=\"description\" content=\"Tovagliato cm 180x180 perfetto per le esigenze di Ristoranti, Hotel, Agriturismi e Strutture Ricettive. Scopri di pi\u00f9 sul nostro sito.\" \/>\n<meta name=\"robots\" content=\"index, follow, max-snippet:-1, max-image-preview:large, max-video-preview:-1\" \/>\n<link rel=\"canonical\" href=\"https:\/\/coertini.com\/it\/tovagliato-cm-180x180\/\" \/>\n<meta property=\"og:locale\" content=\"it_IT\" \/>\n<meta property=\"og:type\" content=\"article\" \/>\n<meta property=\"og:title\" content=\"Tovaglie 180 x 180 cm - COERTINI\u00ae\" \/>\n<meta property=\"og:description\" content=\"Tovagliato cm 180x180 perfetto per le esigenze di Ristoranti, Hotel, Agriturismi e Strutture Ricettive. Scopri di pi\u00f9 sul nostro sito.\" \/>\n<meta property=\"og:url\" content=\"https:\/\/coertini.com\/it\/tovagliato-cm-180x180\/\" \/>\n<meta property=\"og:site_name\" content=\"COERTINI\u00ae\" \/>\n<meta property=\"article:publisher\" content=\"https:\/\/www.facebook.com\/coertini\/\" \/>\n<meta property=\"article:modified_time\" content=\"2025-12-18T15:21:58+00:00\" \/>\n<meta name=\"twitter:card\" content=\"summary_large_image\" \/>\n<meta name=\"twitter:label1\" content=\"Tempo di lettura stimato\" \/>\n\t<meta name=\"twitter:data1\" content=\"1 minuto\" \/>\n<script type=\"application\/ld+json\" class=\"yoast-schema-graph\">{\"@context\":\"https:\\\/\\\/schema.org\",\"@graph\":[{\"@type\":\"WebPage\",\"@id\":\"https:\\\/\\\/coertini.com\\\/it\\\/tovagliato-cm-180x180\\\/\",\"url\":\"https:\\\/\\\/coertini.com\\\/it\\\/tovagliato-cm-180x180\\\/\",\"name\":\"Tovaglie 180 x 180 cm - COERTINI\u00ae\",\"isPartOf\":{\"@id\":\"https:\\\/\\\/coertini.com\\\/it\\\/#website\"},\"datePublished\":\"2025-12-02T11:08:01+00:00\",\"dateModified\":\"2025-12-18T15:21:58+00:00\",\"description\":\"Tovagliato cm 180x180 perfetto per le esigenze di Ristoranti, Hotel, Agriturismi e Strutture Ricettive. Scopri di pi\u00f9 sul nostro sito.\",\"breadcrumb\":{\"@id\":\"https:\\\/\\\/coertini.com\\\/it\\\/tovagliato-cm-180x180\\\/#breadcrumb\"},\"inLanguage\":\"it-IT\",\"potentialAction\":[{\"@type\":\"ReadAction\",\"target\":[\"https:\\\/\\\/coertini.com\\\/it\\\/tovagliato-cm-180x180\\\/\"]}]},{\"@type\":\"BreadcrumbList\",\"@id\":\"https:\\\/\\\/coertini.com\\\/it\\\/tovagliato-cm-180x180\\\/#breadcrumb\",\"itemListElement\":[{\"@type\":\"ListItem\",\"position\":1,\"name\":\"Home\",\"item\":\"https:\\\/\\\/coertini.com\\\/it\\\/\"},{\"@type\":\"ListItem\",\"position\":2,\"name\":\"Tovagliato cm 180&#215;180\"}]},{\"@type\":\"WebSite\",\"@id\":\"https:\\\/\\\/coertini.com\\\/it\\\/#website\",\"url\":\"https:\\\/\\\/coertini.com\\\/it\\\/\",\"name\":\"COERTINI\u00ae\",\"description\":\"Tessile e Accessori per l&#039;hospitality\",\"publisher\":{\"@id\":\"https:\\\/\\\/coertini.com\\\/it\\\/#organization\"},\"potentialAction\":[{\"@type\":\"SearchAction\",\"target\":{\"@type\":\"EntryPoint\",\"urlTemplate\":\"https:\\\/\\\/coertini.com\\\/it\\\/?s={search_term_string}\"},\"query-input\":{\"@type\":\"PropertyValueSpecification\",\"valueRequired\":true,\"valueName\":\"search_term_string\"}}],\"inLanguage\":\"it-IT\"},{\"@type\":\"Organization\",\"@id\":\"https:\\\/\\\/coertini.com\\\/it\\\/#organization\",\"name\":\"Eurotex S.R.L.\",\"alternateName\":\"Eurotex 1980\",\"url\":\"https:\\\/\\\/coertini.com\\\/it\\\/\",\"logo\":{\"@type\":\"ImageObject\",\"inLanguage\":\"it-IT\",\"@id\":\"https:\\\/\\\/coertini.com\\\/it\\\/#\\\/schema\\\/logo\\\/image\\\/\",\"url\":\"https:\\\/\\\/coertini.com\\\/wp-content\\\/uploads\\\/2025\\\/07\\\/OE-grande-grigio.webp\",\"contentUrl\":\"https:\\\/\\\/coertini.com\\\/wp-content\\\/uploads\\\/2025\\\/07\\\/OE-grande-grigio.webp\",\"width\":2000,\"height\":2000,\"caption\":\"Eurotex S.R.L.\"},\"image\":{\"@id\":\"https:\\\/\\\/coertini.com\\\/it\\\/#\\\/schema\\\/logo\\\/image\\\/\"},\"sameAs\":[\"https:\\\/\\\/www.facebook.com\\\/coertini\\\/\",\"https:\\\/\\\/www.instagram.com\\\/coertini.official\\\/\",\"https:\\\/\\\/it.linkedin.com\\\/company\\\/eurotex-s-r-l-since-1980\"]}]}<\/script>\n<!-- \/ Yoast SEO plugin. -->","yoast_head_json":{"title":"Tovaglie 180 x 180 cm - COERTINI\u00ae","description":"Tovagliato cm 180x180 perfetto per le esigenze di Ristoranti, Hotel, Agriturismi e Strutture Ricettive. Scopri di pi\u00f9 sul nostro sito.","robots":{"index":"index","follow":"follow","max-snippet":"max-snippet:-1","max-image-preview":"max-image-preview:large","max-video-preview":"max-video-preview:-1"},"canonical":"https:\/\/coertini.com\/it\/tovagliato-cm-180x180\/","og_locale":"it_IT","og_type":"article","og_title":"Tovaglie 180 x 180 cm - COERTINI\u00ae","og_description":"Tovagliato cm 180x180 perfetto per le esigenze di Ristoranti, Hotel, Agriturismi e Strutture Ricettive. Scopri di pi\u00f9 sul nostro sito.","og_url":"https:\/\/coertini.com\/it\/tovagliato-cm-180x180\/","og_site_name":"COERTINI\u00ae","article_publisher":"https:\/\/www.facebook.com\/coertini\/","article_modified_time":"2025-12-18T15:21:58+00:00","twitter_card":"summary_large_image","twitter_misc":{"Tempo di lettura stimato":"1 minuto"},"schema":{"@context":"https:\/\/schema.org","@graph":[{"@type":"WebPage","@id":"https:\/\/coertini.com\/it\/tovagliato-cm-180x180\/","url":"https:\/\/coertini.com\/it\/tovagliato-cm-180x180\/","name":"Tovaglie 180 x 180 cm - COERTINI\u00ae","isPartOf":{"@id":"https:\/\/coertini.com\/it\/#website"},"datePublished":"2025-12-02T11:08:01+00:00","dateModified":"2025-12-18T15:21:58+00:00","description":"Tovagliato cm 180x180 perfetto per le esigenze di Ristoranti, Hotel, Agriturismi e Strutture Ricettive. Scopri di pi\u00f9 sul nostro sito.","breadcrumb":{"@id":"https:\/\/coertini.com\/it\/tovagliato-cm-180x180\/#breadcrumb"},"inLanguage":"it-IT","potentialAction":[{"@type":"ReadAction","target":["https:\/\/coertini.com\/it\/tovagliato-cm-180x180\/"]}]},{"@type":"BreadcrumbList","@id":"https:\/\/coertini.com\/it\/tovagliato-cm-180x180\/#breadcrumb","itemListElement":[{"@type":"ListItem","position":1,"name":"Home","item":"https:\/\/coertini.com\/it\/"},{"@type":"ListItem","position":2,"name":"Tovagliato cm 180&#215;180"}]},{"@type":"WebSite","@id":"https:\/\/coertini.com\/it\/#website","url":"https:\/\/coertini.com\/it\/","name":"COERTINI\u00ae","description":"Tessile e Accessori per l&#039;hospitality","publisher":{"@id":"https:\/\/coertini.com\/it\/#organization"},"potentialAction":[{"@type":"SearchAction","target":{"@type":"EntryPoint","urlTemplate":"https:\/\/coertini.com\/it\/?s={search_term_string}"},"query-input":{"@type":"PropertyValueSpecification","valueRequired":true,"valueName":"search_term_string"}}],"inLanguage":"it-IT"},{"@type":"Organization","@id":"https:\/\/coertini.com\/it\/#organization","name":"Eurotex S.R.L.","alternateName":"Eurotex 1980","url":"https:\/\/coertini.com\/it\/","logo":{"@type":"ImageObject","inLanguage":"it-IT","@id":"https:\/\/coertini.com\/it\/#\/schema\/logo\/image\/","url":"https:\/\/coertini.com\/wp-content\/uploads\/2025\/07\/OE-grande-grigio.webp","contentUrl":"https:\/\/coertini.com\/wp-content\/uploads\/2025\/07\/OE-grande-grigio.webp","width":2000,"height":2000,"caption":"Eurotex S.R.L."},"image":{"@id":"https:\/\/coertini.com\/it\/#\/schema\/logo\/image\/"},"sameAs":["https:\/\/www.facebook.com\/coertini\/","https:\/\/www.instagram.com\/coertini.official\/","https:\/\/it.linkedin.com\/company\/eurotex-s-r-l-since-1980"]}]}},"_links":{"self":[{"href":"https:\/\/coertini.com\/it\/wp-json\/wp\/v2\/pages\/94879","targetHints":{"allow":["GET"]}}],"collection":[{"href":"https:\/\/coertini.com\/it\/wp-json\/wp\/v2\/pages"}],"about":[{"href":"https:\/\/coertini.com\/it\/wp-json\/wp\/v2\/types\/page"}],"author":[{"embeddable":true,"href":"https:\/\/coertini.com\/it\/wp-json\/wp\/v2\/users\/2"}],"replies":[{"embeddable":true,"href":"https:\/\/coertini.com\/it\/wp-json\/wp\/v2\/comments?post=94879"}],"version-history":[{"count":8,"href":"https:\/\/coertini.com\/it\/wp-json\/wp\/v2\/pages\/94879\/revisions"}],"predecessor-version":[{"id":95234,"href":"https:\/\/coertini.com\/it\/wp-json\/wp\/v2\/pages\/94879\/revisions\/95234"}],"wp:attachment":[{"href":"https:\/\/coertini.com\/it\/wp-json\/wp\/v2\/media?parent=94879"}],"curies":[{"name":"wp","href":"https:\/\/api.w.org\/{rel}","templated":true}]}}